{"id":148,"date":"2026-04-09T16:28:31","date_gmt":"2026-04-09T16:28:31","guid":{"rendered":"https:\/\/sale-suits.com\/?post_type=product&#038;p=148"},"modified":"2026-04-23T17:36:41","modified_gmt":"2026-04-23T17:36:41","slug":"classic-3-piece-slim-fit-suit-charcoal-grey-with-matching-vest","status":"publish","type":"product","link":"https:\/\/sale-suits.com\/index.php\/product\/classic-3-piece-slim-fit-suit-charcoal-grey-with-matching-vest\/","title":{"rendered":"TRAJE\u00a0 SLIM FIT"},"content":{"rendered":"<p><span style=\"font-weight: 400;\">\u00a0<\/span><\/p>\n<p><b>\u00a0\u00a0\u00a0\u00a0\u00a0\u00a0\u00a0\u00a0\u00a0\u00a0TRAJE\u00a0 SLIM FIT<\/b><\/p>\n<p><span style=\"font-weight: 400;\">\u00a0 \u00a0 \u00a0 \u00a0 \u00a0 \u00a0 \u00a0 \u00a0 \u00a0 \u00a0 \u00a0 \u00a0 \u00a0 \u00a0 \u00a0 \u00a0 \u00a0 \u00a0 \u00a0 \u00a0 \u00a0 \u00a0 \u00a0 \u00a0 \u00a0 \u00a0 \u00a0 \u00a0 \u00a0 \u00a0 \u00a0 \u00a0 \u00a0 \u00a0 \u00a0 \u00a0 \u00a0 \u00a0<\/span><span style=\"font-weight: 400;\"><br \/>\n<\/span><span style=\"font-weight: 400;\">. Color Charcoal Grey\u00a0 (Tan)<\/span><span style=\"font-weight: 400;\"><br \/>\n<\/span><span style=\"font-weight: 400;\">. 2 botones, color liso<\/span><span style=\"font-weight: 400;\"><br \/>\n<\/span><span style=\"font-weight: 400;\">. 3 Piezas<\/span><span style=\"font-weight: 400;\"><br \/>\n<\/span><span style=\"font-weight: 400;\">. Solapa de muesca<\/span><span style=\"font-weight: 400;\"><br \/>\n<\/span><span style=\"font-weight: 400;\">. Forro completo<\/span><span style=\"font-weight: 400;\"><br \/>\n<\/span><span style=\"font-weight: 400;\">. 2 aberturas laterales<\/span><span style=\"font-weight: 400;\"><br \/>\n<\/span><span style=\"font-weight: 400;\">. Pantal\u00f3n sin pinzas adelante<\/span><span style=\"font-weight: 400;\"><br \/>\n<\/span><span style=\"font-weight: 400;\">. Bolsillo delantero 1\/4 inclinado<\/span><span style=\"font-weight: 400;\"><br \/>\n<\/span><span style=\"font-weight: 400;\">. Forro adelante<\/span><\/p>\n<p><span style=\"font-weight: 400;\">. Sin dobladillo\u00a0<\/span><\/p>\n<p><span style=\"font-weight: 400;\">Importante :<br \/>\nTodas las prendas lavar en seco.<br \/>\n. Devoluciones y cambios en 10 d\u00edas.<br \/>\n. Para la devoluci\u00f3n los trajes deben estar con sus etiquetas originales puestas,no manchas,olores \u00f3 lavados,tampoco hayan sido alteradas por alguien.<br \/>\n. Recibida la prenda el reembolso se har\u00e1 de 5 a 7 d\u00edas h\u00e1biles.<br \/>\nGASTOS DE ENV\u00cdO : El costo del env\u00edo es gratis.<br \/>\n. El costo de retorno corre por cuenta del cliente.<br \/>\n. En caso de CAMBIO,corre por nuestra cuenta.<\/span><\/p>\n","protected":false},"excerpt":{"rendered":"<p>\u00a0 \u00a0\u00a0\u00a0\u00a0\u00a0\u00a0\u00a0\u00a0\u00a0\u00a0TRAJE\u00a0 SLIM FIT \u00a0 \u00a0 \u00a0 \u00a0 \u00a0 \u00a0 \u00a0 \u00a0 \u00a0 \u00a0 \u00a0 \u00a0 \u00a0 \u00a0 \u00a0 \u00a0<\/p>\n","protected":false},"featured_media":136,"comment_status":"open","ping_status":"closed","template":"","meta":[],"product_brand":[],"product_cat":[16],"product_tag":[],"class_list":{"0":"post-148","1":"product","2":"type-product","3":"status-publish","4":"has-post-thumbnail","6":"product_cat-trajes-slim-fit","8":"first","9":"instock","10":"shipping-taxable","11":"purchasable","12":"product-type-simple"},"jetpack_sharing_enabled":true,"_links":{"self":[{"href":"https:\/\/sale-suits.com\/index.php\/wp-json\/wp\/v2\/product\/148","targetHints":{"allow":["GET"]}}],"collection":[{"href":"https:\/\/sale-suits.com\/index.php\/wp-json\/wp\/v2\/product"}],"about":[{"href":"https:\/\/sale-suits.com\/index.php\/wp-json\/wp\/v2\/types\/product"}],"replies":[{"embeddable":true,"href":"https:\/\/sale-suits.com\/index.php\/wp-json\/wp\/v2\/comments?post=148"}],"wp:featuredmedia":[{"embeddable":true,"href":"https:\/\/sale-suits.com\/index.php\/wp-json\/wp\/v2\/media\/136"}],"wp:attachment":[{"href":"https:\/\/sale-suits.com\/index.php\/wp-json\/wp\/v2\/media?parent=148"}],"wp:term":[{"taxonomy":"product_brand","embeddable":true,"href":"https:\/\/sale-suits.com\/index.php\/wp-json\/wp\/v2\/product_brand?post=148"},{"taxonomy":"product_cat","embeddable":true,"href":"https:\/\/sale-suits.com\/index.php\/wp-json\/wp\/v2\/product_cat?post=148"},{"taxonomy":"product_tag","embeddable":true,"href":"https:\/\/sale-suits.com\/index.php\/wp-json\/wp\/v2\/product_tag?post=148"}],"curies":[{"name":"wp","href":"https:\/\/api.w.org\/{rel}","templated":true}]}}